{"id":2286,"date":"2023-10-04T11:39:02","date_gmt":"2023-10-04T09:39:02","guid":{"rendered":"https:\/\/bfreeazyprod.com\/conditions-generales-dutilisation\/"},"modified":"2025-06-11T22:29:34","modified_gmt":"2025-06-11T20:29:34","slug":"conditions-generales-dutilisation","status":"publish","type":"page","link":"https:\/\/bfreeazyprod.com\/fr\/conditions-generales-dutilisation\/","title":{"rendered":"Conditions g\u00e9n\u00e9rales d&#8217;utilisation"},"content":{"rendered":"\t\t<div data-elementor-type=\"wp-page\" data-elementor-id=\"2286\" class=\"elementor elementor-2286 elementor-2284\" data-elementor-post-type=\"page\">\n\t\t\t\t\t\t<section class=\"elementor-section elementor-top-section elementor-element elementor-element-610b4c90 elementor-section-stretched elementor-section-boxed elementor-section-height-default elementor-section-height-default\" data-id=\"610b4c90\" data-element_type=\"section\" data-settings=\"{&quot;background_background&quot;:&quot;classic&quot;,&quot;stretch_section&quot;:&quot;section-stretched&quot;,&quot;_ha_eqh_enable&quot;:false}\">\n\t\t\t\t\t\t<div class=\"elementor-container elementor-column-gap-default\">\n\t\t\t\t\t<div class=\"elementor-column elementor-col-100 elementor-top-column elementor-element elementor-element-272b86d\" data-id=\"272b86d\" data-element_type=\"column\">\n\t\t\t<div class=\"elementor-widget-wrap elementor-element-populated\">\n\t\t\t\t\t\t<div class=\"elementor-element elementor-element-2fc2c91a elementor-widget elementor-widget-heading\" data-id=\"2fc2c91a\" data-element_type=\"widget\" data-widget_type=\"heading.default\">\n\t\t\t\t<div class=\"elementor-widget-container\">\n\t\t\t<style>\/*! elementor - v3.21.0 - 30-04-2024 *\/\n.elementor-heading-title{padding:0;margin:0;line-height:1}.elementor-widget-heading .elementor-heading-title[class*=elementor-size-]>a{color:inherit;font-size:inherit;line-height:inherit}.elementor-widget-heading .elementor-heading-title.elementor-size-small{font-size:15px}.elementor-widget-heading .elementor-heading-title.elementor-size-medium{font-size:19px}.elementor-widget-heading .elementor-heading-title.elementor-size-large{font-size:29px}.elementor-widget-heading .elementor-heading-title.elementor-size-xl{font-size:39px}.elementor-widget-heading .elementor-heading-title.elementor-size-xxl{font-size:59px}<\/style><h2 class=\"elementor-heading-title elementor-size-default\">Conditions g\u00e9n\u00e9rales d'utilisation<\/h2>\t\t<\/div>\n\t\t\t\t<\/div>\n\t\t\t\t\t<\/div>\n\t\t<\/div>\n\t\t\t\t\t<\/div>\n\t\t<\/section>\n\t\t\t\t<section class=\"elementor-section elementor-top-section elementor-element elementor-element-8e69d88 elementor-section-boxed elementor-section-height-default elementor-section-height-default\" data-id=\"8e69d88\" data-element_type=\"section\" data-settings=\"{&quot;_ha_eqh_enable&quot;:false}\">\n\t\t\t\t\t\t<div class=\"elementor-container elementor-column-gap-default\">\n\t\t\t\t\t<div class=\"elementor-column elementor-col-100 elementor-top-column elementor-element elementor-element-ce6e1f5\" data-id=\"ce6e1f5\" data-element_type=\"column\">\n\t\t\t<div class=\"elementor-widget-wrap elementor-element-populated\">\n\t\t\t\t\t\t<div class=\"elementor-element elementor-element-6cbb64e elementor-widget elementor-widget-text-editor\" data-id=\"6cbb64e\" data-element_type=\"widget\" data-widget_type=\"text-editor.default\">\n\t\t\t\t<div class=\"elementor-widget-container\">\n\t\t\t<style>\/*! elementor - v3.21.0 - 30-04-2024 *\/\n.elementor-widget-text-editor.elementor-drop-cap-view-stacked .elementor-drop-cap{background-color:#69727d;color:#fff}.elementor-widget-text-editor.elementor-drop-cap-view-framed .elementor-drop-cap{color:#69727d;border:3px solid;background-color:transparent}.elementor-widget-text-editor:not(.elementor-drop-cap-view-default) .elementor-drop-cap{margin-top:8px}.elementor-widget-text-editor:not(.elementor-drop-cap-view-default) .elementor-drop-cap-letter{width:1em;height:1em}.elementor-widget-text-editor .elementor-drop-cap{float:left;text-align:center;line-height:1;font-size:50px}.elementor-widget-text-editor .elementor-drop-cap-letter{display:inline-block}<\/style>\t\t\t\t<div class=\"flex flex-grow flex-col gap-3 max-w-full\">\n<div class=\"min-h-[20px] flex flex-col items-start gap-3 whitespace-pre-wrap break-words overflow-x-auto\">\n<div class=\"markdown prose w-full break-words dark:prose-invert light\">\n<p><strong>B.FREEAZY PRODUCTIONS &#8211; Conditions d&#8217;utilisation du site Internet<\/strong><\/p>\n<p>Bienvenue sur le <a href=\"http:\/\/www.bfreeazyprod.com\" target=\"_new\">site www.bfreeazyprod.com<\/a> (le &#8220;site web&#8221;). Ce site est d\u00e9tenu et exploit\u00e9 par B.FREEAZY PRODUCTIONS (&#8220;nous&#8221;, &#8220;notre&#8221; ou &#8220;nos&#8221;). Les pr\u00e9sentes conditions g\u00e9n\u00e9rales (&#8220;conditions&#8221;) r\u00e9gissent votre utilisation du site web. En acc\u00e9dant au site ou en l&#8217;utilisant, vous acceptez d&#8217;\u00eatre li\u00e9 par ces conditions. Si vous n&#8217;acceptez pas ces conditions, veuillez ne pas utiliser le site web.    <\/p>\n<p><strong>1. Utilisation du site web<\/strong><\/p>\n<p>1.1. Vous ne pouvez utiliser le site web qu&#8217;\u00e0 des fins personnelles et non commerciales.<\/p>\n<p>1.2. Vous devez \u00eatre \u00e2g\u00e9 d&#8217;au moins 18 ans ou avoir la capacit\u00e9 juridique de conclure des accords pour utiliser ce site web. Si vous utilisez le site web au nom d&#8217;une organisation, vous d\u00e9clarez et garantissez que vous avez le pouvoir de lier l&#8217;organisation \u00e0 ces conditions. <\/p>\n<p><strong>2. Propri\u00e9t\u00e9 intellectuelle<\/strong><\/p>\n<p>2.1. Le contenu de ce site web, y compris, mais sans s&#8217;y limiter, les textes, les images, les graphiques, les logos et les logiciels, est prot\u00e9g\u00e9 par des droits de propri\u00e9t\u00e9 intellectuelle qui nous appartiennent ou qui appartiennent \u00e0 nos conc\u00e9dants de licence.<\/p>\n<p>2.2. Vous ne pouvez pas modifier, copier, distribuer, transmettre, afficher, ex\u00e9cuter, reproduire, publier, conc\u00e9der sous licence, cr\u00e9er des \u0153uvres d\u00e9riv\u00e9es, transf\u00e9rer ou vendre tout contenu obtenu \u00e0 partir du site web.<\/p>\n<p><strong>3. Contenu de l&#8217;utilisateur<\/strong><\/p>\n<p>3.1. En soumettant un contenu au site web, vous nous accordez une licence mondiale, non exclusive et libre de redevances pour utiliser, reproduire, adapter, distribuer et afficher ce contenu.<\/p>\n<p>3.2. Vous \u00eates seul responsable du contenu que vous soumettez et vous vous engagez \u00e0 ne pas soumettre de mat\u00e9riel ill\u00e9gal, diffamatoire, calomnieux ou offensant.<\/p>\n<p><strong>4. Respect de la vie priv\u00e9e<\/strong><\/p>\n<p>4.1. Votre utilisation du site web est soumise \u00e0 notre politique de confidentialit\u00e9, qui peut \u00eatre consult\u00e9e <a href=\"https:\/\/chat.openai.com\/c\/insert_link_to_privacy_policy\" target=\"_new\">ici.<\/a><\/p>\n<p><strong>5. Liens avec des tiers<\/strong><\/p>\n<p>5.1. Le site web peut contenir des liens vers des sites web de tiers. Nous n&#8217;approuvons ni ne contr\u00f4lons le contenu ou les politiques de ces sites web. <\/p>\n<p><strong>6. Clause de non-responsabilit\u00e9<\/strong><\/p>\n<p>6.1. Les informations fournies sur le site web le sont \u00e0 titre d&#8217;information g\u00e9n\u00e9rale uniquement et sont susceptibles d&#8217;\u00eatre modifi\u00e9es sans pr\u00e9avis.<\/p>\n<p>6.2. Nous ne donnons aucune garantie, expresse ou implicite, quant \u00e0 l&#8217;exactitude, l&#8217;exhaustivit\u00e9 ou l&#8217;ad\u00e9quation des informations.<\/p>\n<p><strong>7. Limitation de la responsabilit\u00e9<\/strong><\/p>\n<p>7.1. Dans toute la mesure permise par la loi, nous ne serons pas responsables des dommages directs, indirects, accessoires, sp\u00e9ciaux, cons\u00e9cutifs ou punitifs d\u00e9coulant de votre utilisation du site web ou s&#8217;y rapportant.<\/p>\n<p><strong>8. Indemnisation<\/strong><\/p>\n<p>8.1. Vous acceptez de nous indemniser et de nous tenir \u00e0 l&#8217;\u00e9cart de toute r\u00e9clamation, de tout dommage, de toute responsabilit\u00e9, de tout co\u00fbt et de toute d\u00e9pense d\u00e9coulant de votre utilisation du site web ou en rapport avec celle-ci.<\/p>\n<p><strong>9. R\u00e9siliation<\/strong><\/p>\n<p>9.1. Nous nous r\u00e9servons le droit de r\u00e9silier ou de suspendre l&#8217;acc\u00e8s au site web, sans pr\u00e9avis ni responsabilit\u00e9, pour quelque raison que ce soit.<\/p>\n<p><strong>10. Droit applicable<\/strong><\/p>\n<p>10.1. Les pr\u00e9sentes conditions sont r\u00e9gies et interpr\u00e9t\u00e9es conform\u00e9ment aux lois de [juridiction], sans tenir compte des principes de conflit de lois.<\/p>\n<p><strong>11. Modifications des conditions<\/strong><\/p>\n<p>11.1. Nous nous r\u00e9servons le droit de mettre \u00e0 jour ou de modifier ces conditions \u00e0 tout moment et sans pr\u00e9avis. En continuant \u00e0 utiliser le site web apr\u00e8s de telles modifications, vous acceptez les nouvelles conditions. <\/p>\n<p><strong>12. Contact<\/strong><\/p>\n<p>12.1. Si vous avez des questions ou des pr\u00e9occupations concernant les pr\u00e9sentes conditions, veuillez nous contacter \u00e0 l&#8217;adresse suivante : [contact_email].<\/p>\n<p>Derni\u00e8re mise \u00e0 jour : [Date]<\/p>\n<p>En utilisant ce site web, vous acceptez d&#8217;\u00eatre li\u00e9 par les pr\u00e9sentes conditions g\u00e9n\u00e9rales.<\/p>\n<\/div>\n<\/div>\n<\/div>\n\t\t\t\t\t\t<\/div>\n\t\t\t\t<\/div>\n\t\t\t\t\t<\/div>\n\t\t<\/div>\n\t\t\t\t\t<\/div>\n\t\t<\/section>\n\t\t\t\t<\/div>\n\t\t","protected":false},"excerpt":{"rendered":"<p>Conditions g\u00e9n\u00e9rales d&#8217;utilisation B.FREEAZY PRODUCTIONS &#8211; Conditions d&#8217;utilisation du site Internet Bienvenue sur le site www.bfreeazyprod.com (le &#8220;site web&#8221;). Ce site est d\u00e9tenu et exploit\u00e9 par B.FREEAZY PRODUCTIONS (&#8220;nous&#8221;, &#8220;notre&#8221; ou &#8220;nos&#8221;). Les pr\u00e9sentes conditions g\u00e9n\u00e9rales (&#8220;conditions&#8221;) r\u00e9gissent votre utilisation du site web. En acc\u00e9dant au site ou en l&#8217;utilisant, vous acceptez d&#8217;\u00eatre li\u00e9 par &hellip;<\/p>\n<p class=\"read-more\"> <a class=\"\" href=\"https:\/\/bfreeazyprod.com\/fr\/conditions-generales-dutilisation\/\"> <span class=\"screen-reader-text\">Conditions g\u00e9n\u00e9rales d&#8217;utilisation<\/span> Lire la suite\u00a0\u00bb<\/a><\/p>\n","protected":false},"author":3,"featured_media":0,"parent":0,"menu_order":0,"comment_status":"closed","ping_status":"closed","template":"","meta":{"_monsterinsights_skip_tracking":false,"_monsterinsights_sitenote_active":false,"_monsterinsights_sitenote_note":"","_monsterinsights_sitenote_category":0,"site-sidebar-layout":"no-sidebar","site-content-layout":"","ast-site-content-layout":"full-width-container","site-content-style":"default","site-sidebar-style":"default","ast-global-header-display":"","ast-banner-title-visibility":"","ast-main-header-display":"","ast-hfb-above-header-display":"","ast-hfb-below-header-display":"","ast-hfb-mobile-header-display":"","site-post-title":"disabled","ast-breadcrumbs-content":"","ast-featured-img":"disabled","footer-sml-layout":"","theme-transparent-header-meta":"default","adv-header-id-meta":"","stick-header-meta":"","header-above-stick-meta":"","header-main-stick-meta":"","header-below-stick-meta":"","astra-migrate-meta-layouts":"","footnotes":""},"aioseo_notices":[],"_links":{"self":[{"href":"https:\/\/bfreeazyprod.com\/fr\/wp-json\/wp\/v2\/pages\/2286"}],"collection":[{"href":"https:\/\/bfreeazyprod.com\/fr\/wp-json\/wp\/v2\/pages"}],"about":[{"href":"https:\/\/bfreeazyprod.com\/fr\/wp-json\/wp\/v2\/types\/page"}],"author":[{"embeddable":true,"href":"https:\/\/bfreeazyprod.com\/fr\/wp-json\/wp\/v2\/users\/3"}],"replies":[{"embeddable":true,"href":"https:\/\/bfreeazyprod.com\/fr\/wp-json\/wp\/v2\/comments?post=2286"}],"version-history":[{"count":4,"href":"https:\/\/bfreeazyprod.com\/fr\/wp-json\/wp\/v2\/pages\/2286\/revisions"}],"predecessor-version":[{"id":2859,"href":"https:\/\/bfreeazyprod.com\/fr\/wp-json\/wp\/v2\/pages\/2286\/revisions\/2859"}],"wp:attachment":[{"href":"https:\/\/bfreeazyprod.com\/fr\/wp-json\/wp\/v2\/media?parent=2286"}],"curies":[{"name":"wp","href":"https:\/\/api.w.org\/{rel}","templated":true}]}}